{"id":12,"date":"2017-08-01T12:13:18","date_gmt":"2017-08-01T12:13:18","guid":{"rendered":"http:\/\/plegalp.com\/dir\/contact\/"},"modified":"2020-04-06T22:58:32","modified_gmt":"2020-04-07T03:58:32","slug":"contact","status":"publish","type":"page","link":"https:\/\/plegalp.com\/dir\/contact\/","title":{"rendered":"Contacto"},"content":{"rendered":"\t\t<div data-elementor-type=\"wp-post\" data-elementor-id=\"12\" class=\"elementor elementor-12\">\n\t\t\t\t\t\t<section class=\"elementor-section elementor-top-section elementor-element elementor-element-skruyyn elementor-section-boxed elementor-section-height-default elementor-section-height-default\" data-id=\"skruyyn\" data-element_type=\"section\" data-settings=\"{&quot;background_background&quot;:&quot;classic&quot;}\">\n\t\t\t\t\t\t\t<div class=\"elementor-background-overlay\"><\/div>\n\t\t\t\t\t\t\t<div class=\"elementor-container elementor-column-gap-default\">\n\t\t\t\t\t<div class=\"elementor-column elementor-col-100 elementor-top-column elementor-element elementor-element-bpwfzcu\" data-id=\"bpwfzcu\" data-element_type=\"column\">\n\t\t\t<div class=\"elementor-widget-wrap elementor-element-populated\">\n\t\t\t\t\t\t<div class=\"elementor-element elementor-element-yfxnzgr elementor-widget elementor-widget-heading\" data-id=\"yfxnzgr\" data-element_type=\"widget\" data-widget_type=\"heading.default\">\n\t\t\t\t<div class=\"elementor-widget-container\">\n\t\t\t\t\t<h2 class=\"elementor-heading-title elementor-size-default\">Para contactarnos...<\/h2>\t\t\t\t<\/div>\n\t\t\t\t<\/div>\n\t\t\t\t\t<\/div>\n\t\t<\/div>\n\t\t\t\t\t<\/div>\n\t\t<\/section>\n\t\t\t\t<section class=\"elementor-section elementor-top-section elementor-element elementor-element-4nnic5y elementor-section-content-middle elementor-section-boxed elementor-section-height-default elementor-section-height-default\" data-id=\"4nnic5y\" data-element_type=\"section\">\n\t\t\t\t\t\t<div class=\"elementor-container elementor-column-gap-default\">\n\t\t\t\t\t<div class=\"elementor-column elementor-col-50 elementor-top-column elementor-element elementor-element-7pkg3zq\" data-id=\"7pkg3zq\" data-element_type=\"column\">\n\t\t\t<div class=\"elementor-widget-wrap elementor-element-populated\">\n\t\t\t\t\t\t<div class=\"elementor-element elementor-element-frvf0kl elementor-position-left elementor-view-default elementor-mobile-position-top elementor-vertical-align-top elementor-widget elementor-widget-icon-box\" data-id=\"frvf0kl\" data-element_type=\"widget\" data-widget_type=\"icon-box.default\">\n\t\t\t\t<div class=\"elementor-widget-container\">\n\t\t\t\t\t\t\t<div class=\"elementor-icon-box-wrapper\">\n\n\t\t\t\t\t\t<div class=\"elementor-icon-box-icon\">\n\t\t\t\t<span  class=\"elementor-icon\">\n\t\t\t\t<i aria-hidden=\"true\" class=\"far fa-address-book\"><\/i>\t\t\t\t<\/span>\n\t\t\t<\/div>\n\t\t\t\n\t\t\t\t\t\t<div class=\"elementor-icon-box-content\">\n\n\t\t\t\t\t\t\t\t\t<h3 class=\"elementor-icon-box-title\">\n\t\t\t\t\t\t<span  >\n\t\t\t\t\t\t\tContacto\t\t\t\t\t\t<\/span>\n\t\t\t\t\t<\/h3>\n\t\t\t\t\n\t\t\t\t\n\t\t\t<\/div>\n\t\t\t\n\t\t<\/div>\n\t\t\t\t\t\t<\/div>\n\t\t\t\t<\/div>\n\t\t\t\t<div class=\"elementor-element elementor-element-rcg3t6b elementor-widget elementor-widget-text-editor\" data-id=\"rcg3t6b\" data-element_type=\"widget\" data-widget_type=\"text-editor.default\">\n\t\t\t\t<div class=\"elementor-widget-container\">\n\t\t\t\t\t\t\t\t\t<p>Direcci\u00f3n: Ciudad de Panam\u00e1&nbsp;<br>Tel. oficina : +507 830-5375<br><span style=\"font-size: 16px;\">Email : plp@plegalp.com<\/span><\/p>\t\t\t\t\t\t\t\t<\/div>\n\t\t\t\t<\/div>\n\t\t\t\t<div class=\"elementor-element elementor-element-uded9b3 elementor-position-left elementor-view-default elementor-mobile-position-top elementor-vertical-align-top elementor-widget elementor-widget-icon-box\" data-id=\"uded9b3\" data-element_type=\"widget\" data-widget_type=\"icon-box.default\">\n\t\t\t\t<div class=\"elementor-widget-container\">\n\t\t\t\t\t\t\t<div class=\"elementor-icon-box-wrapper\">\n\n\t\t\t\t\t\t<div class=\"elementor-icon-box-icon\">\n\t\t\t\t<span  class=\"elementor-icon\">\n\t\t\t\t<i aria-hidden=\"true\" class=\"far fa-clock\"><\/i>\t\t\t\t<\/span>\n\t\t\t<\/div>\n\t\t\t\n\t\t\t\t\t\t<div class=\"elementor-icon-box-content\">\n\n\t\t\t\t\t\t\t\t\t<h3 class=\"elementor-icon-box-title\">\n\t\t\t\t\t\t<span  >\n\t\t\t\t\t\t\tHorario\t\t\t\t\t\t<\/span>\n\t\t\t\t\t<\/h3>\n\t\t\t\t\n\t\t\t\t\n\t\t\t<\/div>\n\t\t\t\n\t\t<\/div>\n\t\t\t\t\t\t<\/div>\n\t\t\t\t<\/div>\n\t\t\t\t<div class=\"elementor-element elementor-element-9eht5a1 elementor-widget elementor-widget-text-editor\" data-id=\"9eht5a1\" data-element_type=\"widget\" data-widget_type=\"text-editor.default\">\n\t\t\t\t<div class=\"elementor-widget-container\">\n\t\t\t\t\t\t\t\t\t<p>Lunes a Viernes: 8.00 AM \u2013 5.00 PM<br \/>S\u00e1bado y Domingo: Cerrado<\/p>\t\t\t\t\t\t\t\t<\/div>\n\t\t\t\t<\/div>\n\t\t\t\t\t<\/div>\n\t\t<\/div>\n\t\t\t\t<div class=\"elementor-column elementor-col-50 elementor-top-column elementor-element elementor-element-7ffja9z\" data-id=\"7ffja9z\" data-element_type=\"column\">\n\t\t\t<div class=\"elementor-widget-wrap elementor-element-populated\">\n\t\t\t\t\t\t<div class=\"elementor-element elementor-element-c4kdm1h elementor-widget elementor-widget-text-editor\" data-id=\"c4kdm1h\" data-element_type=\"widget\" data-widget_type=\"text-editor.default\">\n\t\t\t\t<div class=\"elementor-widget-container\">\n\t\t\t\t\t\t\t\t\t<p>Comprometidos con nuestros clientes<\/p>\t\t\t\t\t\t\t\t<\/div>\n\t\t\t\t<\/div>\n\t\t\t\t<div class=\"elementor-element elementor-element-boq0x8z elementor-widget elementor-widget-heading\" data-id=\"boq0x8z\" data-element_type=\"widget\" data-widget_type=\"heading.default\">\n\t\t\t\t<div class=\"elementor-widget-container\">\n\t\t\t\t\t<h2 class=\"elementor-heading-title elementor-size-default\">Env\u00edenos un correo electr\u00f3nico<\/h2>\t\t\t\t<\/div>\n\t\t\t\t<\/div>\n\t\t\t\t<div class=\"elementor-element elementor-element-4vw1rvy elementor-widget elementor-widget-shortcode\" data-id=\"4vw1rvy\" data-element_type=\"widget\" data-widget_type=\"shortcode.default\">\n\t\t\t\t<div class=\"elementor-widget-container\">\n\t\t\t\t\t\t\t<div class=\"elementor-shortcode\"><div class=\"wpforms-container \" id=\"wpforms-41\"><form id=\"wpforms-form-41\" class=\"wpforms-validate wpforms-form\" data-formid=\"41\" method=\"post\" enctype=\"multipart\/form-data\" action=\"\/dir\/wp-json\/wp\/v2\/pages\/12\" data-token=\"f604a011c9e8f294f8620c111d0c96fb\" data-token-time=\"1775405631\"><noscript class=\"wpforms-error-noscript\">Por favor, activa JavaScript en tu navegador para completar este formulario.<\/noscript><div class=\"wpforms-field-container\"><div id=\"wpforms-41-field_0-container\" class=\"wpforms-field wpforms-field-name\" data-field-id=\"0\"><label class=\"wpforms-field-label wpforms-label-hide\" for=\"wpforms-41-field_0\">Nombre<\/label><input type=\"text\" id=\"wpforms-41-field_0\" class=\"wpforms-field-large\" name=\"wpforms[fields][0]\" placeholder=\"Your Name\" ><\/div><div id=\"wpforms-41-field_1-container\" class=\"wpforms-field wpforms-field-email\" data-field-id=\"1\"><label class=\"wpforms-field-label wpforms-label-hide\" for=\"wpforms-41-field_1\">Correo electr\u00f3nico <span class=\"wpforms-required-label\">*<\/span><\/label><input type=\"email\" id=\"wpforms-41-field_1\" class=\"wpforms-field-large wpforms-field-required\" name=\"wpforms[fields][1]\" placeholder=\"Your Email\" spellcheck=\"false\" required><\/div><div id=\"wpforms-41-field_3-container\" class=\"wpforms-field wpforms-field-text\" data-field-id=\"3\"><label class=\"wpforms-field-label wpforms-label-hide\" for=\"wpforms-41-field_3\">N\u00famero de tel\u00e9fono<\/label><input type=\"text\" id=\"wpforms-41-field_3\" class=\"wpforms-field-large\" name=\"wpforms[fields][3]\" placeholder=\"Contact Number\" ><\/div><div id=\"wpforms-41-field_2-container\" class=\"wpforms-field wpforms-field-textarea\" data-field-id=\"2\"><label class=\"wpforms-field-label wpforms-label-hide\" for=\"wpforms-41-field_2\">Escriba su mensaje <span class=\"wpforms-required-label\">*<\/span><\/label><textarea id=\"wpforms-41-field_2\" class=\"wpforms-field-large wpforms-field-required\" name=\"wpforms[fields][2]\" placeholder=\"Case Description\" required><\/textarea><\/div><div id=\"wpforms-41-field_4-container\" class=\"wpforms-field wpforms-field-email\" data-field-id=\"4\"><label class=\"wpforms-field-label\" for=\"wpforms-41-field_4\">Email <span class=\"wpforms-required-label\">*<\/span><\/label><input type=\"email\" id=\"wpforms-41-field_4\" class=\"wpforms-field-medium wpforms-field-required\" name=\"wpforms[fields][4]\" spellcheck=\"false\" required><\/div><\/div><!-- .wpforms-field-container --><div class=\"wpforms-field wpforms-field-hp\"><label for=\"wpforms-41-field-hp\" class=\"wpforms-field-label\">Email<\/label><input type=\"text\" name=\"wpforms[hp]\" id=\"wpforms-41-field-hp\" class=\"wpforms-field-medium\"><\/div><div class=\"wpforms-recaptcha-container wpforms-is-recaptcha wpforms-is-recaptcha-type-v2\" ><div class=\"g-recaptcha\" data-sitekey=\"6LcF-ucUAAAAADZadUagO-fgl8dms5tswzZweicv\"><\/div><input type=\"text\" name=\"g-recaptcha-hidden\" class=\"wpforms-recaptcha-hidden\" style=\"position:absolute!important;clip:rect(0,0,0,0)!important;height:1px!important;width:1px!important;border:0!important;overflow:hidden!important;padding:0!important;margin:0!important;\" data-rule-recaptcha=\"1\"><\/div><div class=\"wpforms-submit-container\" ><input type=\"hidden\" name=\"wpforms[id]\" value=\"41\"><input type=\"hidden\" name=\"page_title\" value=\"\"><input type=\"hidden\" name=\"page_url\" value=\"https:\/\/plegalp.com\/dir\/wp-json\/wp\/v2\/pages\/12\"><input type=\"hidden\" name=\"url_referer\" value=\"\"><button type=\"submit\" name=\"wpforms[submit]\" id=\"wpforms-submit-41\" class=\"wpforms-submit\" data-alt-text=\"Enviando...\" data-submit-text=\"Enviar mensaje\" aria-live=\"assertive\" value=\"wpforms-submit\">Enviar mensaje<\/button><\/div><\/form><\/div>  <!-- .wpforms-container --><\/div>\n\t\t\t\t\t\t<\/div>\n\t\t\t\t<\/div>\n\t\t\t\t\t<\/div>\n\t\t<\/div>\n\t\t\t\t\t<\/div>\n\t\t<\/section>\n\t\t\t\t<section class=\"elementor-section elementor-top-section elementor-element elementor-element-1fb04v8 elementor-section-full_width elementor-section-height-default elementor-section-height-default\" data-id=\"1fb04v8\" data-element_type=\"section\">\n\t\t\t\t\t\t<div class=\"elementor-container elementor-column-gap-default\">\n\t\t\t\t\t<div class=\"elementor-column elementor-col-100 elementor-top-column elementor-element elementor-element-g12ekz9\" data-id=\"g12ekz9\" data-element_type=\"column\">\n\t\t\t<div class=\"elementor-widget-wrap elementor-element-populated\">\n\t\t\t\t\t\t<div class=\"elementor-element elementor-element-1n8x0od elementor-widget elementor-widget-google_maps\" data-id=\"1n8x0od\" data-element_type=\"widget\" data-widget_type=\"google_maps.default\">\n\t\t\t\t<div class=\"elementor-widget-container\">\n\t\t\t\t\t\t\t<div class=\"elementor-custom-embed\">\n\t\t\t<iframe loading=\"lazy\"\n\t\t\t\t\tsrc=\"https:\/\/maps.google.com\/maps?q=9.007375%2C%20-79.536270&#038;t=m&#038;z=18&#038;output=embed&#038;iwloc=near\"\n\t\t\t\t\ttitle=\"9.007375, -79.536270\"\n\t\t\t\t\taria-label=\"9.007375, -79.536270\"\n\t\t\t><\/iframe>\n\t\t<\/div>\n\t\t\t\t\t\t<\/div>\n\t\t\t\t<\/div>\n\t\t\t\t\t<\/div>\n\t\t<\/div>\n\t\t\t\t\t<\/div>\n\t\t<\/section>\n\t\t\t\t<\/div>\n\t\t","protected":false},"excerpt":{"rendered":"<p>Para contactarnos&#8230; Contacto Direcci\u00f3n: Ciudad de Panam\u00e1&nbsp;Tel. oficina : +507 830-5375Email : plp@plegalp.com Horario Lunes a Viernes: 8.00 AM \u2013 5.00 PMS\u00e1bado y Domingo: Cerrado Comprometidos con nuestros clientes Env\u00edenos un correo electr\u00f3nico<\/p>\n","protected":false},"author":1,"featured_media":0,"parent":0,"menu_order":0,"comment_status":"closed","ping_status":"closed","template":"","meta":{"site-sidebar-layout":"no-sidebar","site-content-layout":"page-builder","ast-site-content-layout":"","site-content-style":"default","site-sidebar-style":"default","ast-global-header-display":"","ast-banner-title-visibility":"","ast-main-header-display":"","ast-hfb-above-header-display":"","ast-hfb-below-header-display":"","ast-hfb-mobile-header-display":"","site-post-title":"disabled","ast-breadcrumbs-content":"","ast-featured-img":"","footer-sml-layout":"","theme-transparent-header-meta":"default","adv-header-id-meta":"","stick-header-meta":"","header-above-stick-meta":"","header-main-stick-meta":"","header-below-stick-meta":"","astra-migrate-meta-layouts":"default","ast-page-background-enabled":"default","ast-page-background-meta":{"desktop":{"background-color":"","background-image":"","background-repeat":"repeat","background-position":"center center","background-size":"auto","background-attachment":"scroll","background-type":"","background-media":"","overlay-type":"","overlay-color":"","overlay-opacity":"","overlay-gradient":""},"tablet":{"background-color":"","background-image":"","background-repeat":"repeat","background-position":"center center","background-size":"auto","background-attachment":"scroll","background-type":"","background-media":"","overlay-type":"","overlay-color":"","overlay-opacity":"","overlay-gradient":""},"mobile":{"background-color":"","background-image":"","background-repeat":"repeat","background-position":"center center","background-size":"auto","background-attachment":"scroll","background-type":"","background-media":"","overlay-type":"","overlay-color":"","overlay-opacity":"","overlay-gradient":""}},"ast-content-background-meta":{"desktop":{"background-color":"var(--ast-global-color-5)","background-image":"","background-repeat":"repeat","background-position":"center center","background-size":"auto","background-attachment":"scroll","background-type":"","background-media":"","overlay-type":"","overlay-color":"","overlay-opacity":"","overlay-gradient":""},"tablet":{"background-color":"var(--ast-global-color-5)","background-image":"","background-repeat":"repeat","background-position":"center center","background-size":"auto","background-attachment":"scroll","background-type":"","background-media":"","overlay-type":"","overlay-color":"","overlay-opacity":"","overlay-gradient":""},"mobile":{"background-color":"var(--ast-global-color-5)","background-image":"","background-repeat":"repeat","background-position":"center center","background-size":"auto","background-attachment":"scroll","background-type":"","background-media":"","overlay-type":"","overlay-color":"","overlay-opacity":"","overlay-gradient":""}},"_joinchat":[],"footnotes":""},"class_list":["post-12","page","type-page","status-publish","hentry"],"yoast_head":"<!-- This site is optimized with the Yoast SEO plugin v24.8 - https:\/\/yoast.com\/wordpress\/plugins\/seo\/ -->\n<title>Contacto | Legal Pro<\/title>\n<meta name=\"robots\" content=\"index, follow, max-snippet:-1, max-image-preview:large, max-video-preview:-1\" \/>\n<link rel=\"canonical\" href=\"https:\/\/plegalp.com\/dir\/contact\/\" \/>\n<meta property=\"og:locale\" content=\"es_ES\" \/>\n<meta property=\"og:type\" content=\"article\" \/>\n<meta property=\"og:title\" content=\"Contacto | Legal Pro\" \/>\n<meta property=\"og:description\" content=\"Para contactarnos&#8230; Contacto Direcci\u00f3n: Ciudad de Panam\u00e1&nbsp;Tel. oficina : +507 830-5375Email : plp@plegalp.com Horario Lunes a Viernes: 8.00 AM \u2013 5.00 PMS\u00e1bado y Domingo: Cerrado Comprometidos con nuestros clientes Env\u00edenos un correo electr\u00f3nico\" \/>\n<meta property=\"og:url\" content=\"https:\/\/plegalp.com\/dir\/contact\/\" \/>\n<meta property=\"og:site_name\" content=\"Legal Pro\" \/>\n<meta property=\"article:modified_time\" content=\"2020-04-07T03:58:32+00:00\" \/>\n<meta name=\"twitter:card\" content=\"summary_large_image\" \/>\n<script type=\"application\/ld+json\" class=\"yoast-schema-graph\">{\"@context\":\"https:\/\/schema.org\",\"@graph\":[{\"@type\":\"WebPage\",\"@id\":\"https:\/\/plegalp.com\/dir\/contact\/\",\"url\":\"https:\/\/plegalp.com\/dir\/contact\/\",\"name\":\"Contacto | Legal Pro\",\"isPartOf\":{\"@id\":\"https:\/\/plegalp.com\/dir\/#website\"},\"datePublished\":\"2017-08-01T12:13:18+00:00\",\"dateModified\":\"2020-04-07T03:58:32+00:00\",\"breadcrumb\":{\"@id\":\"https:\/\/plegalp.com\/dir\/contact\/#breadcrumb\"},\"inLanguage\":\"es\",\"potentialAction\":[{\"@type\":\"ReadAction\",\"target\":[\"https:\/\/plegalp.com\/dir\/contact\/\"]}]},{\"@type\":\"BreadcrumbList\",\"@id\":\"https:\/\/plegalp.com\/dir\/contact\/#breadcrumb\",\"itemListElement\":[{\"@type\":\"ListItem\",\"position\":1,\"name\":\"Portada\",\"item\":\"https:\/\/plegalp.com\/dir\/\"},{\"@type\":\"ListItem\",\"position\":2,\"name\":\"Contacto\"}]},{\"@type\":\"WebSite\",\"@id\":\"https:\/\/plegalp.com\/dir\/#website\",\"url\":\"https:\/\/plegalp.com\/dir\/\",\"name\":\"Legal Pro\",\"description\":\"Abogados - Attorneys at Law - Panam\u00e1\",\"publisher\":{\"@id\":\"https:\/\/plegalp.com\/dir\/#organization\"},\"potentialAction\":[{\"@type\":\"SearchAction\",\"target\":{\"@type\":\"EntryPoint\",\"urlTemplate\":\"https:\/\/plegalp.com\/dir\/?s={search_term_string}\"},\"query-input\":{\"@type\":\"PropertyValueSpecification\",\"valueRequired\":true,\"valueName\":\"search_term_string\"}}],\"inLanguage\":\"es\"},{\"@type\":\"Organization\",\"@id\":\"https:\/\/plegalp.com\/dir\/#organization\",\"name\":\"Legal Pro - Abogados - Attorneys at Law\",\"url\":\"https:\/\/plegalp.com\/dir\/\",\"logo\":{\"@type\":\"ImageObject\",\"inLanguage\":\"es\",\"@id\":\"https:\/\/plegalp.com\/dir\/#\/schema\/logo\/image\/\",\"url\":\"https:\/\/plegalp.com\/dir\/wp-content\/uploads\/2020\/04\/Legal_Pro.png\",\"contentUrl\":\"https:\/\/plegalp.com\/dir\/wp-content\/uploads\/2020\/04\/Legal_Pro.png\",\"width\":1253,\"height\":383,\"caption\":\"Legal Pro - Abogados - Attorneys at Law\"},\"image\":{\"@id\":\"https:\/\/plegalp.com\/dir\/#\/schema\/logo\/image\/\"}}]}<\/script>\n<!-- \/ Yoast SEO plugin. -->","yoast_head_json":{"title":"Contacto | Legal Pro","robots":{"index":"index","follow":"follow","max-snippet":"max-snippet:-1","max-image-preview":"max-image-preview:large","max-video-preview":"max-video-preview:-1"},"canonical":"https:\/\/plegalp.com\/dir\/contact\/","og_locale":"es_ES","og_type":"article","og_title":"Contacto | Legal Pro","og_description":"Para contactarnos&#8230; Contacto Direcci\u00f3n: Ciudad de Panam\u00e1&nbsp;Tel. oficina : +507 830-5375Email : plp@plegalp.com Horario Lunes a Viernes: 8.00 AM \u2013 5.00 PMS\u00e1bado y Domingo: Cerrado Comprometidos con nuestros clientes Env\u00edenos un correo electr\u00f3nico","og_url":"https:\/\/plegalp.com\/dir\/contact\/","og_site_name":"Legal Pro","article_modified_time":"2020-04-07T03:58:32+00:00","twitter_card":"summary_large_image","schema":{"@context":"https:\/\/schema.org","@graph":[{"@type":"WebPage","@id":"https:\/\/plegalp.com\/dir\/contact\/","url":"https:\/\/plegalp.com\/dir\/contact\/","name":"Contacto | Legal Pro","isPartOf":{"@id":"https:\/\/plegalp.com\/dir\/#website"},"datePublished":"2017-08-01T12:13:18+00:00","dateModified":"2020-04-07T03:58:32+00:00","breadcrumb":{"@id":"https:\/\/plegalp.com\/dir\/contact\/#breadcrumb"},"inLanguage":"es","potentialAction":[{"@type":"ReadAction","target":["https:\/\/plegalp.com\/dir\/contact\/"]}]},{"@type":"BreadcrumbList","@id":"https:\/\/plegalp.com\/dir\/contact\/#breadcrumb","itemListElement":[{"@type":"ListItem","position":1,"name":"Portada","item":"https:\/\/plegalp.com\/dir\/"},{"@type":"ListItem","position":2,"name":"Contacto"}]},{"@type":"WebSite","@id":"https:\/\/plegalp.com\/dir\/#website","url":"https:\/\/plegalp.com\/dir\/","name":"Legal Pro","description":"Abogados - Attorneys at Law - Panam\u00e1","publisher":{"@id":"https:\/\/plegalp.com\/dir\/#organization"},"potentialAction":[{"@type":"SearchAction","target":{"@type":"EntryPoint","urlTemplate":"https:\/\/plegalp.com\/dir\/?s={search_term_string}"},"query-input":{"@type":"PropertyValueSpecification","valueRequired":true,"valueName":"search_term_string"}}],"inLanguage":"es"},{"@type":"Organization","@id":"https:\/\/plegalp.com\/dir\/#organization","name":"Legal Pro - Abogados - Attorneys at Law","url":"https:\/\/plegalp.com\/dir\/","logo":{"@type":"ImageObject","inLanguage":"es","@id":"https:\/\/plegalp.com\/dir\/#\/schema\/logo\/image\/","url":"https:\/\/plegalp.com\/dir\/wp-content\/uploads\/2020\/04\/Legal_Pro.png","contentUrl":"https:\/\/plegalp.com\/dir\/wp-content\/uploads\/2020\/04\/Legal_Pro.png","width":1253,"height":383,"caption":"Legal Pro - Abogados - Attorneys at Law"},"image":{"@id":"https:\/\/plegalp.com\/dir\/#\/schema\/logo\/image\/"}}]}},"_links":{"self":[{"href":"https:\/\/plegalp.com\/dir\/wp-json\/wp\/v2\/pages\/12","targetHints":{"allow":["GET"]}}],"collection":[{"href":"https:\/\/plegalp.com\/dir\/wp-json\/wp\/v2\/pages"}],"about":[{"href":"https:\/\/plegalp.com\/dir\/wp-json\/wp\/v2\/types\/page"}],"author":[{"embeddable":true,"href":"https:\/\/plegalp.com\/dir\/wp-json\/wp\/v2\/users\/1"}],"replies":[{"embeddable":true,"href":"https:\/\/plegalp.com\/dir\/wp-json\/wp\/v2\/comments?post=12"}],"version-history":[{"count":10,"href":"https:\/\/plegalp.com\/dir\/wp-json\/wp\/v2\/pages\/12\/revisions"}],"predecessor-version":[{"id":1074,"href":"https:\/\/plegalp.com\/dir\/wp-json\/wp\/v2\/pages\/12\/revisions\/1074"}],"wp:attachment":[{"href":"https:\/\/plegalp.com\/dir\/wp-json\/wp\/v2\/media?parent=12"}],"curies":[{"name":"wp","href":"https:\/\/api.w.org\/{rel}","templated":true}]}}